{"id":164,"date":"2017-10-29T18:27:18","date_gmt":"2017-10-29T17:27:18","guid":{"rendered":"http:\/\/www.tonstudio4.at\/?page_id=164"},"modified":"2025-07-29T09:56:16","modified_gmt":"2025-07-29T07:56:16","slug":"equipment","status":"publish","type":"page","link":"https:\/\/www.tonstudio4.at\/index.php\/equipment\/","title":{"rendered":"Equipment &#8211; Oprema"},"content":{"rendered":"<p><strong>LIVE &#8211; <em>V \u017eivo<\/em><\/strong><\/p>\n<p><strong>Lambda Labs Lautsprecher &#8211; naturgetreue Wiedergabe auf h\u00f6chster Ebene<\/strong><br \/><img loading=\"lazy\" decoding=\"async\" class=\"alignright size-thumbnail wp-image-189\" src=\"http:\/\/www.tonstudio4.at\/wp-content\/uploads\/2017\/11\/tx-3_cluster_ii-poster-150x150.jpg\" alt=\"\" width=\"150\" height=\"150\" srcset=\"https:\/\/www.tonstudio4.at\/wp-content\/uploads\/2017\/11\/tx-3_cluster_ii-poster-150x150.jpg 150w, https:\/\/www.tonstudio4.at\/wp-content\/uploads\/2017\/11\/tx-3_cluster_ii-poster-100x100.jpg 100w\" sizes=\"auto, (max-width: 150px) 100vw, 150px\" \/><\/p>\n<p>Der \u00f6sterreichische Hersteller <strong>Lambda Labs<\/strong> z\u00e4hlt mittlerweile zu den besten Lautsprecherherstellern weltweit. Ziel ist eine naturgetreue Wiedergabe von Musik, was gerade beim Beschallen von Ch\u00f6ren und akustischer Musik gefragt ist. Oft wundern sich Besucher \u00fcber &#8222;die tolle Akustik des Saales&#8220;, der ja eigentlich staubtrocken und ohne Beschallung f\u00fcr die Zuh\u00f6rer und f\u00fcr den Chor eine Zumutung ist. Erst als die Lautsprecher ausgeschaltet werden, wird der eklatante Unterschied bemerkt.<\/p>\n<p>Wir bieten verschiedene System von 1000 Watt bis 20 000 Watt.<\/p>\n<p><strong>Rock, Pop<\/strong><\/p>\n<p>&#8230; bis 500 Personen<\/p>\n<p><img loading=\"lazy\" decoding=\"async\" class=\"alignright wp-image-188 size-full\" src=\"http:\/\/www.tonstudio4.at\/wp-content\/uploads\/2017\/11\/dh-18-space-quad-poster.jpg\" alt=\"\" width=\"840\" height=\"560\" srcset=\"https:\/\/www.tonstudio4.at\/wp-content\/uploads\/2017\/11\/dh-18-space-quad-poster.jpg 840w, https:\/\/www.tonstudio4.at\/wp-content\/uploads\/2017\/11\/dh-18-space-quad-poster-300x200.jpg 300w, https:\/\/www.tonstudio4.at\/wp-content\/uploads\/2017\/11\/dh-18-space-quad-poster-768x512.jpg 768w\" sizes=\"auto, (max-width: 767px) 89vw, (max-width: 1000px) 54vw, (max-width: 1071px) 543px, 580px\" \/><\/p>\n<p style=\"text-align: left;\">4 DH18 B\u00e4sse \u00e1 3000W<\/p>\n<p><strong>Chorbeschallung <em>&#8211; ozvo\u010denje zborov<\/em><\/strong><\/p>\n<p>&#8230;bis 1000 Personen<\/p>\n<p>Je nach Bedarf k\u00f6nnen verschiedene PA &#8211; Systeme bereitgestellt werden.<\/p>\n<p><strong>Equipment<\/strong><\/p>\n<p>4 Lambda Labs DH 18 B\u00e4sse \u00e1 3000 W<br \/>4 Lambda Labs TX 3A Tops \u00e1 2000 W<br \/>4 Lambda Labs TX 2A Tops \u00e1 1600 W<br \/>4 Lambda Labs MF15A B\u00e4sse \u00e1 1600 W<br \/>5 RCF 320 Aktiv<br \/>Midas M32, Midas DL 16<br \/>Yamaha CL5, Rio 32<br \/>Mikrofone: SM 58, SM 57, AKG C414, Schoeps&#8230;<\/p>\n<p><strong>STUDIO<\/strong><\/p>\n<p>Mics:<br \/>Voxorama U47<br \/>2 Brauner VM 1<br \/>6 Schoeps CMC 64<br \/>7 AKG C414<br \/>2 AKG C480<br \/>1 Neumann U87<br \/>1 Gefell M1030<br \/>2 MBHO 648<br \/>2 MBHO 440<br \/><span style=\"font-size: 1rem;\">Preamps von ADT, Grace Design M108<\/span><span style=\"font-size: 1rem;\">, John Hardy, Tube Tech, RME&#8230;<br \/>Kompressoren: Crane Song STC8, Tube Tech, Thermionic Culture Phoenix, ADT&#8230;<br \/>EQ: ADT TLM 205, ADT TLM 105<br \/>Monitoring: Skyaudio Verdade, original Auratones, Neumann KH120<\/span><\/p>\n\n\n<p><\/p>\n","protected":false},"excerpt":{"rendered":"<p>LIVE &#8211; V \u017eivo Lambda Labs Lautsprecher &#8211; naturgetreue Wiedergabe auf h\u00f6chster Ebene Der \u00f6sterreichische Hersteller Lambda Labs z\u00e4hlt mittlerweile zu den besten Lautsprecherherstellern weltweit. Ziel ist eine naturgetreue Wiedergabe von Musik, was gerade beim Beschallen von Ch\u00f6ren und akustischer Musik gefragt ist. Oft wundern sich Besucher \u00fcber &#8222;die tolle Akustik des Saales&#8220;, der ja &hellip; <\/p>\n<p class=\"link-more\"><a href=\"https:\/\/www.tonstudio4.at\/index.php\/equipment\/\" class=\"more-link\"><span class=\"screen-reader-text\">\u201eEquipment &#8211; Oprema\u201c <\/span>weiterlesen<\/a><\/p>\n","protected":false},"author":1,"featured_media":0,"parent":0,"menu_order":0,"comment_status":"closed","ping_status":"closed","template":"","meta":{"footnotes":""},"class_list":["post-164","page","type-page","status-publish","hentry"],"_links":{"self":[{"href":"https:\/\/www.tonstudio4.at\/index.php\/wp-json\/wp\/v2\/pages\/164","targetHints":{"allow":["GET"]}}],"collection":[{"href":"https:\/\/www.tonstudio4.at\/index.php\/wp-json\/wp\/v2\/pages"}],"about":[{"href":"https:\/\/www.tonstudio4.at\/index.php\/wp-json\/wp\/v2\/types\/page"}],"author":[{"embeddable":true,"href":"https:\/\/www.tonstudio4.at\/index.php\/wp-json\/wp\/v2\/users\/1"}],"replies":[{"embeddable":true,"href":"https:\/\/www.tonstudio4.at\/index.php\/wp-json\/wp\/v2\/comments?post=164"}],"version-history":[{"count":23,"href":"https:\/\/www.tonstudio4.at\/index.php\/wp-json\/wp\/v2\/pages\/164\/revisions"}],"predecessor-version":[{"id":387,"href":"https:\/\/www.tonstudio4.at\/index.php\/wp-json\/wp\/v2\/pages\/164\/revisions\/387"}],"wp:attachment":[{"href":"https:\/\/www.tonstudio4.at\/index.php\/wp-json\/wp\/v2\/media?parent=164"}],"curies":[{"name":"wp","href":"https:\/\/api.w.org\/{rel}","templated":true}]}}