{"id":19,"date":"2017-08-20T11:04:24","date_gmt":"2017-08-20T09:04:24","guid":{"rendered":"http:\/\/www.tonstudio4.at\/?page_id=19"},"modified":"2025-07-29T09:56:36","modified_gmt":"2025-07-29T07:56:36","slug":"beschallung-ozvocenje","status":"publish","type":"page","link":"https:\/\/www.tonstudio4.at\/index.php\/beschallung-ozvocenje\/","title":{"rendered":"Livesound &#8211; Ozvo\u010denje"},"content":{"rendered":"<p><strong>Tontechnik &#8211;<em> tonska tehnika<br \/>\n<\/em><\/strong><span style=\"color: #808080;\">&#8230;ein kleiner Auszug &#8211; <em>majhen pregled<\/em><\/span><\/p>\n<p><strong><em><br \/>\n<\/em>KIB Bleiburg:<\/strong><br \/>\n<span style=\"font-size: 1rem;\">Bleiburger Faschingskabarett<br \/>\nHarri Stojka<br \/>\nMadison Violet<br \/>\nTerrafolk<br \/>\nHolmes Brothers<br \/>\nKarlheinz Miklin<br \/>\nAlf Poier<br \/>\nAlfred Dorfer<br \/>\nOtto Schenk<br \/>\nHuun Huur Tu<br \/>\n&#8230;<\/span><\/p>\n<p><strong>Ch\u00f6re &#8211; <em>zbori<\/em><\/strong><br \/>\nSingen am See &#8211; Velden<br \/>\nK\u00e4rntner Landesjugendchor<br \/>\nGemischter Chor Grafenstein &#8211; Herbstkonzerte<br \/>\nSingkreis Th\u00fcrn &#8211; Musical meets K\u00e4rntnerlied<br \/>\nDanica mav drha\u010d<br \/>\n30 Jahre Petzenchor mit Voxxclub &#8211; Jufa Arena Bleiburg\/Pliberk<br \/>\n&#8230;<\/p>\n<p><strong>Bands &#8211; <em>skupine<\/em><br \/>\n<\/strong>Die Buben &#8211; Breznik Zelt am Wiesenmarkt<br \/>\nBlues Breakers<br \/>\nMankalan<br \/>\nAlpski kvintet<br \/>\nAnsambel Lojzeta Slaka<br \/>\nRo\u017eanski muzikanti<br \/>\nOssi Huber und Band<br \/>\nJohn Deere<br \/>\n&#8230;<\/p>\n<p><strong>Sonstiges &#8211; <em>pa \u0161e kaj&#8230;<\/em><\/strong><\/p>\n<p>Bleiburger Wiesenmarkt &#8211; Umzug und Er\u00f6ffnung<br \/>\nHelnwein Ausstellung Er\u00f6ffnung &#8211; Werner Berg Museum<br \/>\nAdventmarkt Petzen &#8211; adventni trg na Peci<br \/>\nTrivium<br \/>\n&#8230;<\/p>\n<p>&nbsp;<\/p>\n","protected":false},"excerpt":{"rendered":"<p>Tontechnik &#8211; tonska tehnika &#8230;ein kleiner Auszug &#8211; majhen pregled KIB Bleiburg: Bleiburger Faschingskabarett Harri Stojka Madison Violet Terrafolk Holmes Brothers Karlheinz Miklin Alf Poier Alfred Dorfer Otto Schenk Huun Huur Tu &#8230; Ch\u00f6re &#8211; zbori Singen am See &#8211; Velden K\u00e4rntner Landesjugendchor Gemischter Chor Grafenstein &#8211; Herbstkonzerte Singkreis Th\u00fcrn &#8211; Musical meets K\u00e4rntnerlied Danica &hellip; <\/p>\n<p class=\"link-more\"><a href=\"https:\/\/www.tonstudio4.at\/index.php\/beschallung-ozvocenje\/\" class=\"more-link\"><span class=\"screen-reader-text\">\u201eLivesound &#8211; Ozvo\u010denje\u201c <\/span>weiterlesen<\/a><\/p>\n","protected":false},"author":1,"featured_media":0,"parent":0,"menu_order":0,"comment_status":"closed","ping_status":"closed","template":"","meta":{"footnotes":""},"class_list":["post-19","page","type-page","status-publish","hentry"],"_links":{"self":[{"href":"https:\/\/www.tonstudio4.at\/index.php\/wp-json\/wp\/v2\/pages\/19","targetHints":{"allow":["GET"]}}],"collection":[{"href":"https:\/\/www.tonstudio4.at\/index.php\/wp-json\/wp\/v2\/pages"}],"about":[{"href":"https:\/\/www.tonstudio4.at\/index.php\/wp-json\/wp\/v2\/types\/page"}],"author":[{"embeddable":true,"href":"https:\/\/www.tonstudio4.at\/index.php\/wp-json\/wp\/v2\/users\/1"}],"replies":[{"embeddable":true,"href":"https:\/\/www.tonstudio4.at\/index.php\/wp-json\/wp\/v2\/comments?post=19"}],"version-history":[{"count":11,"href":"https:\/\/www.tonstudio4.at\/index.php\/wp-json\/wp\/v2\/pages\/19\/revisions"}],"predecessor-version":[{"id":388,"href":"https:\/\/www.tonstudio4.at\/index.php\/wp-json\/wp\/v2\/pages\/19\/revisions\/388"}],"wp:attachment":[{"href":"https:\/\/www.tonstudio4.at\/index.php\/wp-json\/wp\/v2\/media?parent=19"}],"curies":[{"name":"wp","href":"https:\/\/api.w.org\/{rel}","templated":true}]}}