{"id":2,"date":"2017-08-19T17:14:35","date_gmt":"2017-08-19T15:14:35","guid":{"rendered":"http:\/\/www.tonstudio4.at\/?page_id=2"},"modified":"2025-07-29T09:46:22","modified_gmt":"2025-07-29T07:46:22","slug":"angebot","status":"publish","type":"page","link":"https:\/\/www.tonstudio4.at\/index.php\/angebot\/","title":{"rendered":"Studio"},"content":{"rendered":"<p><strong>STUDIOAUFNAHMEN<\/strong><br \/>\n\u2022 empfehlenswert f\u00fcr Kleingruppen, Instrumentalisten und Solisten, &#8230;<br \/>\n<strong>SNEMANJE V STUDIU<\/strong><br \/>\n\u2022 priporo\u010dljivo predvsem za male skupine, instrumentaliste, soliste,&#8230;<\/p>\n<p><strong>AUFNAHMEN AM ORT IHRER WAHL<\/strong><br \/>\n\u2022 f\u00fcr Ch\u00f6re, Orchester, Blaskapellen&#8230;<br \/>\n<strong>SNEMANJE V LOKACIJI VA\u0160E IZBIRE<\/strong><br \/>\n\u2022 za zbore, orkestre, tambura\u0161e, &#8230;<\/p>\n<p><strong>LIVE-MITSCHNITTE VON KONZERTEN<\/strong><br \/>\n\u2022 f\u00fcr Chormitglieder, Freunde, zum Archivieren &#8230;<\/p>\n<p><strong>Posnetki v \u017eivo<\/strong><br \/>\n\u2022 za \u010dlane va\u0161ega zbora, arhiv, prijatelje, &#8230;<\/p>\n","protected":false},"excerpt":{"rendered":"<p>STUDIOAUFNAHMEN \u2022 empfehlenswert f\u00fcr Kleingruppen, Instrumentalisten und Solisten, &#8230; SNEMANJE V STUDIU \u2022 priporo\u010dljivo predvsem za male skupine, instrumentaliste, soliste,&#8230; AUFNAHMEN AM ORT IHRER WAHL \u2022 f\u00fcr Ch\u00f6re, Orchester, Blaskapellen&#8230; SNEMANJE V LOKACIJI VA\u0160E IZBIRE \u2022 za zbore, orkestre, tambura\u0161e, &#8230; LIVE-MITSCHNITTE VON KONZERTEN \u2022 f\u00fcr Chormitglieder, Freunde, zum Archivieren &#8230; Posnetki v \u017eivo \u2022 &hellip; <\/p>\n<p class=\"link-more\"><a href=\"https:\/\/www.tonstudio4.at\/index.php\/angebot\/\" class=\"more-link\"><span class=\"screen-reader-text\">\u201eStudio\u201c <\/span>weiterlesen<\/a><\/p>\n","protected":false},"author":1,"featured_media":0,"parent":0,"menu_order":0,"comment_status":"closed","ping_status":"closed","template":"","meta":{"footnotes":""},"class_list":["post-2","page","type-page","status-publish","hentry"],"_links":{"self":[{"href":"https:\/\/www.tonstudio4.at\/index.php\/wp-json\/wp\/v2\/pages\/2","targetHints":{"allow":["GET"]}}],"collection":[{"href":"https:\/\/www.tonstudio4.at\/index.php\/wp-json\/wp\/v2\/pages"}],"about":[{"href":"https:\/\/www.tonstudio4.at\/index.php\/wp-json\/wp\/v2\/types\/page"}],"author":[{"embeddable":true,"href":"https:\/\/www.tonstudio4.at\/index.php\/wp-json\/wp\/v2\/users\/1"}],"replies":[{"embeddable":true,"href":"https:\/\/www.tonstudio4.at\/index.php\/wp-json\/wp\/v2\/comments?post=2"}],"version-history":[{"count":8,"href":"https:\/\/www.tonstudio4.at\/index.php\/wp-json\/wp\/v2\/pages\/2\/revisions"}],"predecessor-version":[{"id":382,"href":"https:\/\/www.tonstudio4.at\/index.php\/wp-json\/wp\/v2\/pages\/2\/revisions\/382"}],"wp:attachment":[{"href":"https:\/\/www.tonstudio4.at\/index.php\/wp-json\/wp\/v2\/media?parent=2"}],"curies":[{"name":"wp","href":"https:\/\/api.w.org\/{rel}","templated":true}]}}