{"id":25,"date":"2017-08-20T11:11:54","date_gmt":"2017-08-20T09:11:54","guid":{"rendered":"http:\/\/www.tonstudio4.at\/?page_id=25"},"modified":"2017-08-20T11:11:54","modified_gmt":"2017-08-20T09:11:54","slug":"impressum","status":"publish","type":"page","link":"https:\/\/www.tonstudio4.at\/index.php\/impressum\/","title":{"rendered":"Impressum"},"content":{"rendered":"<p><img loading=\"lazy\" decoding=\"async\" class=\"alignleft wp-image-4 size-medium\" src=\"http:\/\/www.tonstudio4.at\/wp-content\/uploads\/2017\/08\/tonstudio4_logo_klein-300x212.jpg\" alt=\"Studio 4\" width=\"300\" height=\"212\" srcset=\"https:\/\/www.tonstudio4.at\/wp-content\/uploads\/2017\/08\/tonstudio4_logo_klein-300x212.jpg 300w, https:\/\/www.tonstudio4.at\/wp-content\/uploads\/2017\/08\/tonstudio4_logo_klein.jpg 378w\" sizes=\"auto, (max-width: 300px) 100vw, 300px\" \/><\/p>\n<h4>Studio 4<\/h4>\n<p>St. Michael\/\u0160mihel 120<br \/>\n9143 St. Michael\/\u0160mihel<\/p>\n<p>Koro\u0161ka | K\u00e4rnten<\/p>\n<p>Tel.: 04235 2835<br \/>\nMobil: 0664 8585374<br \/>\nFax\/faks: 04235 2835<br \/>\noffice@tonstudio4.at<\/p>\n","protected":false},"excerpt":{"rendered":"<p>Studio 4 St. Michael\/\u0160mihel 120 9143 St. Michael\/\u0160mihel Koro\u0161ka | K\u00e4rnten Tel.: 04235 2835 Mobil: 0664 8585374 Fax\/faks: 04235 2835 office@tonstudio4.at<\/p>\n","protected":false},"author":1,"featured_media":0,"parent":0,"menu_order":0,"comment_status":"closed","ping_status":"closed","template":"","meta":{"footnotes":""},"class_list":["post-25","page","type-page","status-publish","hentry"],"_links":{"self":[{"href":"https:\/\/www.tonstudio4.at\/index.php\/wp-json\/wp\/v2\/pages\/25","targetHints":{"allow":["GET"]}}],"collection":[{"href":"https:\/\/www.tonstudio4.at\/index.php\/wp-json\/wp\/v2\/pages"}],"about":[{"href":"https:\/\/www.tonstudio4.at\/index.php\/wp-json\/wp\/v2\/types\/page"}],"author":[{"embeddable":true,"href":"https:\/\/www.tonstudio4.at\/index.php\/wp-json\/wp\/v2\/users\/1"}],"replies":[{"embeddable":true,"href":"https:\/\/www.tonstudio4.at\/index.php\/wp-json\/wp\/v2\/comments?post=25"}],"version-history":[{"count":1,"href":"https:\/\/www.tonstudio4.at\/index.php\/wp-json\/wp\/v2\/pages\/25\/revisions"}],"predecessor-version":[{"id":26,"href":"https:\/\/www.tonstudio4.at\/index.php\/wp-json\/wp\/v2\/pages\/25\/revisions\/26"}],"wp:attachment":[{"href":"https:\/\/www.tonstudio4.at\/index.php\/wp-json\/wp\/v2\/media?parent=25"}],"curies":[{"name":"wp","href":"https:\/\/api.w.org\/{rel}","templated":true}]}}